{"id":1466,"date":"2016-10-08T18:32:41","date_gmt":"2016-10-08T17:32:41","guid":{"rendered":"http:\/\/mercamadridformacion.es\/?page_id=1466"},"modified":"2023-07-20T14:14:14","modified_gmt":"2023-07-20T12:14:14","slug":"aviso-legal-politica-de-cookies-politica-de-privacidad-y-proteccion-de-datos","status":"publish","type":"page","link":"https:\/\/www.mercamadrid.es\/mercamadridformacion\/aviso-legal-politica-de-cookies-politica-de-privacidad-y-proteccion-de-datos\/","title":{"rendered":"Aviso Legal.\u00a0Pol\u00edtica de cookies. Pol\u00edtica de privacidad"},"content":{"rendered":"\t\t<div data-elementor-type=\"wp-page\" data-elementor-id=\"1466\" class=\"elementor elementor-1466\">\n\t\t\t\t\t\t<section class=\"elementor-section elementor-top-section elementor-element elementor-element-4c9f118a elementor-section-full_width elementor-section-height-default elementor-section-height-default\" data-id=\"4c9f118a\" data-element_type=\"section\" data-e-type=\"section\">\n\t\t\t\t\t\t<div class=\"elementor-container elementor-column-gap-default\">\n\t\t\t\t\t<div class=\"elementor-column elementor-col-100 elementor-top-column elementor-element elementor-element-275e7f9f\" data-id=\"275e7f9f\" data-element_type=\"column\" data-e-type=\"column\">\n\t\t\t<div class=\"elementor-widget-wrap elementor-element-populated\">\n\t\t\t\t\t\t<div class=\"elementor-element elementor-element-7f4a4e8a elementor-widget elementor-widget-text-editor\" data-id=\"7f4a4e8a\" data-element_type=\"widget\" data-e-type=\"widget\" data-widget_type=\"text-editor.default\">\n\t\t\t\t<div class=\"elementor-widget-container\">\n\t\t\t\t\t\t\t\t\t<p><a href=\"https:\/\/www.mercamadrid.es\/aviso-legal\/\"><span style=\"font-family: arial, helvetica, sans-serif;\">Aviso legal<\/span><\/a><\/p><p><a href=\"https:\/\/www.mercamadrid.es\/politica-de-cookies\/\"><span style=\"font-family: arial, helvetica, sans-serif;\">Pol\u00edtica de cookies<\/span><\/a><\/p><p><a href=\"https:\/\/www.mercamadrid.es\/politica-privacidad-y-proteccion-de-datos\/\"><span style=\"font-family: arial, helvetica, sans-serif;\">Pol\u00edtica de privacidad<\/span><\/a><\/p>\t\t\t\t\t\t\t\t<\/div>\n\t\t\t\t<\/div>\n\t\t\t\t\t<\/div>\n\t\t<\/div>\n\t\t\t\t\t<\/div>\n\t\t<\/section>\n\t\t\t\t<\/div>\n\t\t","protected":false},"excerpt":{"rendered":"<p>Aviso legal Pol\u00edtica de cookies Pol\u00edtica de privacidad<\/p>\n","protected":false},"author":4,"featured_media":0,"parent":0,"menu_order":0,"comment_status":"closed","ping_status":"closed","template":"","meta":{"_genesis_hide_title":false,"_genesis_hide_breadcrumbs":false,"_genesis_hide_singular_image":false,"_genesis_hide_footer_widgets":false,"_genesis_custom_body_class":"","_genesis_custom_post_class":"","_genesis_layout":"","footnotes":""},"class_list":{"0":"post-1466","1":"page","2":"type-page","3":"status-publish","5":"entry"},"yoast_head":"<!-- This site is optimized with the Yoast SEO plugin v27.5 - https:\/\/yoast.com\/product\/yoast-seo-wordpress\/ -->\r\n<title>Aviso Legal.\u00a0Pol\u00edtica de cookies. Pol\u00edtica de privacidad - Mercamadrid Formaci\u00f3n<\/title>\r\n<meta name=\"robots\" content=\"index, follow, max-snippet:-1, max-image-preview:large, max-video-preview:-1\" \/>\r\n<link rel=\"canonical\" href=\"https:\/\/www.mercamadrid.es\/mercamadridformacion\/aviso-legal-politica-de-cookies-politica-de-privacidad-y-proteccion-de-datos\/\" \/>\r\n<meta property=\"og:locale\" content=\"es_ES\" \/>\r\n<meta property=\"og:type\" content=\"article\" \/>\r\n<meta property=\"og:title\" content=\"Aviso Legal.\u00a0Pol\u00edtica de cookies. Pol\u00edtica de privacidad - Mercamadrid Formaci\u00f3n\" \/>\r\n<meta property=\"og:description\" content=\"Aviso legal Pol\u00edtica de cookies Pol\u00edtica de privacidad\" \/>\r\n<meta property=\"og:url\" content=\"https:\/\/www.mercamadrid.es\/mercamadridformacion\/aviso-legal-politica-de-cookies-politica-de-privacidad-y-proteccion-de-datos\/\" \/>\r\n<meta property=\"og:site_name\" content=\"Mercamadrid Formaci\u00f3n\" \/>\r\n<meta property=\"article:modified_time\" content=\"2023-07-20T12:14:14+00:00\" \/>\r\n<meta name=\"twitter:card\" content=\"summary_large_image\" \/>\r\n<meta name=\"twitter:site\" content=\"@mercamadrid_hoy\" \/>\r\n<meta name=\"twitter:label1\" content=\"Tiempo de lectura\" \/>\n\t<meta name=\"twitter:data1\" content=\"1 minuto\" \/>\r\n<script type=\"application\/ld+json\" class=\"yoast-schema-graph\">{\"@context\":\"https:\\\/\\\/schema.org\",\"@graph\":[{\"@type\":\"WebPage\",\"@id\":\"https:\\\/\\\/www.mercamadrid.es\\\/mercamadridformacion\\\/aviso-legal-politica-de-cookies-politica-de-privacidad-y-proteccion-de-datos\\\/\",\"url\":\"https:\\\/\\\/www.mercamadrid.es\\\/mercamadridformacion\\\/aviso-legal-politica-de-cookies-politica-de-privacidad-y-proteccion-de-datos\\\/\",\"name\":\"Aviso Legal.\u00a0Pol\u00edtica de cookies. Pol\u00edtica de privacidad - Mercamadrid Formaci\u00f3n\",\"isPartOf\":{\"@id\":\"https:\\\/\\\/www.mercamadrid.es\\\/mercamadridformacion\\\/#website\"},\"datePublished\":\"2016-10-08T17:32:41+00:00\",\"dateModified\":\"2023-07-20T12:14:14+00:00\",\"breadcrumb\":{\"@id\":\"https:\\\/\\\/www.mercamadrid.es\\\/mercamadridformacion\\\/aviso-legal-politica-de-cookies-politica-de-privacidad-y-proteccion-de-datos\\\/#breadcrumb\"},\"inLanguage\":\"es\",\"potentialAction\":[{\"@type\":\"ReadAction\",\"target\":[\"https:\\\/\\\/www.mercamadrid.es\\\/mercamadridformacion\\\/aviso-legal-politica-de-cookies-politica-de-privacidad-y-proteccion-de-datos\\\/\"]}]},{\"@type\":\"BreadcrumbList\",\"@id\":\"https:\\\/\\\/www.mercamadrid.es\\\/mercamadridformacion\\\/aviso-legal-politica-de-cookies-politica-de-privacidad-y-proteccion-de-datos\\\/#breadcrumb\",\"itemListElement\":[{\"@type\":\"ListItem\",\"position\":1,\"name\":\"Portada\",\"item\":\"https:\\\/\\\/www.mercamadrid.es\\\/mercamadridformacion\\\/\"},{\"@type\":\"ListItem\",\"position\":2,\"name\":\"Aviso Legal.\u00a0Pol\u00edtica de cookies. Pol\u00edtica de privacidad\"}]},{\"@type\":\"WebSite\",\"@id\":\"https:\\\/\\\/www.mercamadrid.es\\\/mercamadridformacion\\\/#website\",\"url\":\"https:\\\/\\\/www.mercamadrid.es\\\/mercamadridformacion\\\/\",\"name\":\"Mercamadrid Formaci\u00f3n\",\"description\":\"Centro de formaci\u00f3n de Mercamadrid\",\"publisher\":{\"@id\":\"https:\\\/\\\/www.mercamadrid.es\\\/mercamadridformacion\\\/#organization\"},\"potentialAction\":[{\"@type\":\"SearchAction\",\"target\":{\"@type\":\"EntryPoint\",\"urlTemplate\":\"https:\\\/\\\/www.mercamadrid.es\\\/mercamadridformacion\\\/?s={search_term_string}\"},\"query-input\":{\"@type\":\"PropertyValueSpecification\",\"valueRequired\":true,\"valueName\":\"search_term_string\"}}],\"inLanguage\":\"es\"},{\"@type\":\"Organization\",\"@id\":\"https:\\\/\\\/www.mercamadrid.es\\\/mercamadridformacion\\\/#organization\",\"name\":\"MERCAMADRID, SA\",\"url\":\"https:\\\/\\\/www.mercamadrid.es\\\/mercamadridformacion\\\/\",\"logo\":{\"@type\":\"ImageObject\",\"inLanguage\":\"es\",\"@id\":\"https:\\\/\\\/www.mercamadrid.es\\\/mercamadridformacion\\\/#\\\/schema\\\/logo\\\/image\\\/\",\"url\":\"https:\\\/\\\/www.mercamadrid.es\\\/mercamadridformacion\\\/wp-content\\\/uploads\\\/2016\\\/06\\\/Logo-mercamadrid-formacion-grande.png\",\"contentUrl\":\"https:\\\/\\\/www.mercamadrid.es\\\/mercamadridformacion\\\/wp-content\\\/uploads\\\/2016\\\/06\\\/Logo-mercamadrid-formacion-grande.png\",\"width\":805,\"height\":605,\"caption\":\"MERCAMADRID, SA\"},\"image\":{\"@id\":\"https:\\\/\\\/www.mercamadrid.es\\\/mercamadridformacion\\\/#\\\/schema\\\/logo\\\/image\\\/\"},\"sameAs\":[\"https:\\\/\\\/x.com\\\/mercamadrid_hoy\"]}]}<\/script>\r\n<!-- \/ Yoast SEO plugin. -->","yoast_head_json":{"title":"Aviso Legal.\u00a0Pol\u00edtica de cookies. Pol\u00edtica de privacidad - Mercamadrid Formaci\u00f3n","robots":{"index":"index","follow":"follow","max-snippet":"max-snippet:-1","max-image-preview":"max-image-preview:large","max-video-preview":"max-video-preview:-1"},"canonical":"https:\/\/www.mercamadrid.es\/mercamadridformacion\/aviso-legal-politica-de-cookies-politica-de-privacidad-y-proteccion-de-datos\/","og_locale":"es_ES","og_type":"article","og_title":"Aviso Legal.\u00a0Pol\u00edtica de cookies. Pol\u00edtica de privacidad - Mercamadrid Formaci\u00f3n","og_description":"Aviso legal Pol\u00edtica de cookies Pol\u00edtica de privacidad","og_url":"https:\/\/www.mercamadrid.es\/mercamadridformacion\/aviso-legal-politica-de-cookies-politica-de-privacidad-y-proteccion-de-datos\/","og_site_name":"Mercamadrid Formaci\u00f3n","article_modified_time":"2023-07-20T12:14:14+00:00","twitter_card":"summary_large_image","twitter_site":"@mercamadrid_hoy","twitter_misc":{"Tiempo de lectura":"1 minuto"},"schema":{"@context":"https:\/\/schema.org","@graph":[{"@type":"WebPage","@id":"https:\/\/www.mercamadrid.es\/mercamadridformacion\/aviso-legal-politica-de-cookies-politica-de-privacidad-y-proteccion-de-datos\/","url":"https:\/\/www.mercamadrid.es\/mercamadridformacion\/aviso-legal-politica-de-cookies-politica-de-privacidad-y-proteccion-de-datos\/","name":"Aviso Legal.\u00a0Pol\u00edtica de cookies. Pol\u00edtica de privacidad - Mercamadrid Formaci\u00f3n","isPartOf":{"@id":"https:\/\/www.mercamadrid.es\/mercamadridformacion\/#website"},"datePublished":"2016-10-08T17:32:41+00:00","dateModified":"2023-07-20T12:14:14+00:00","breadcrumb":{"@id":"https:\/\/www.mercamadrid.es\/mercamadridformacion\/aviso-legal-politica-de-cookies-politica-de-privacidad-y-proteccion-de-datos\/#breadcrumb"},"inLanguage":"es","potentialAction":[{"@type":"ReadAction","target":["https:\/\/www.mercamadrid.es\/mercamadridformacion\/aviso-legal-politica-de-cookies-politica-de-privacidad-y-proteccion-de-datos\/"]}]},{"@type":"BreadcrumbList","@id":"https:\/\/www.mercamadrid.es\/mercamadridformacion\/aviso-legal-politica-de-cookies-politica-de-privacidad-y-proteccion-de-datos\/#breadcrumb","itemListElement":[{"@type":"ListItem","position":1,"name":"Portada","item":"https:\/\/www.mercamadrid.es\/mercamadridformacion\/"},{"@type":"ListItem","position":2,"name":"Aviso Legal.\u00a0Pol\u00edtica de cookies. Pol\u00edtica de privacidad"}]},{"@type":"WebSite","@id":"https:\/\/www.mercamadrid.es\/mercamadridformacion\/#website","url":"https:\/\/www.mercamadrid.es\/mercamadridformacion\/","name":"Mercamadrid Formaci\u00f3n","description":"Centro de formaci\u00f3n de Mercamadrid","publisher":{"@id":"https:\/\/www.mercamadrid.es\/mercamadridformacion\/#organization"},"potentialAction":[{"@type":"SearchAction","target":{"@type":"EntryPoint","urlTemplate":"https:\/\/www.mercamadrid.es\/mercamadridformacion\/?s={search_term_string}"},"query-input":{"@type":"PropertyValueSpecification","valueRequired":true,"valueName":"search_term_string"}}],"inLanguage":"es"},{"@type":"Organization","@id":"https:\/\/www.mercamadrid.es\/mercamadridformacion\/#organization","name":"MERCAMADRID, SA","url":"https:\/\/www.mercamadrid.es\/mercamadridformacion\/","logo":{"@type":"ImageObject","inLanguage":"es","@id":"https:\/\/www.mercamadrid.es\/mercamadridformacion\/#\/schema\/logo\/image\/","url":"https:\/\/www.mercamadrid.es\/mercamadridformacion\/wp-content\/uploads\/2016\/06\/Logo-mercamadrid-formacion-grande.png","contentUrl":"https:\/\/www.mercamadrid.es\/mercamadridformacion\/wp-content\/uploads\/2016\/06\/Logo-mercamadrid-formacion-grande.png","width":805,"height":605,"caption":"MERCAMADRID, SA"},"image":{"@id":"https:\/\/www.mercamadrid.es\/mercamadridformacion\/#\/schema\/logo\/image\/"},"sameAs":["https:\/\/x.com\/mercamadrid_hoy"]}]}},"_links":{"self":[{"href":"https:\/\/www.mercamadrid.es\/mercamadridformacion\/wp-json\/wp\/v2\/pages\/1466","targetHints":{"allow":["GET"]}}],"collection":[{"href":"https:\/\/www.mercamadrid.es\/mercamadridformacion\/wp-json\/wp\/v2\/pages"}],"about":[{"href":"https:\/\/www.mercamadrid.es\/mercamadridformacion\/wp-json\/wp\/v2\/types\/page"}],"author":[{"embeddable":true,"href":"https:\/\/www.mercamadrid.es\/mercamadridformacion\/wp-json\/wp\/v2\/users\/4"}],"replies":[{"embeddable":true,"href":"https:\/\/www.mercamadrid.es\/mercamadridformacion\/wp-json\/wp\/v2\/comments?post=1466"}],"version-history":[{"count":7,"href":"https:\/\/www.mercamadrid.es\/mercamadridformacion\/wp-json\/wp\/v2\/pages\/1466\/revisions"}],"predecessor-version":[{"id":10233,"href":"https:\/\/www.mercamadrid.es\/mercamadridformacion\/wp-json\/wp\/v2\/pages\/1466\/revisions\/10233"}],"wp:attachment":[{"href":"https:\/\/www.mercamadrid.es\/mercamadridformacion\/wp-json\/wp\/v2\/media?parent=1466"}],"curies":[{"name":"wp","href":"https:\/\/api.w.org\/{rel}","templated":true}]}}