{"id":1803,"date":"2018-09-20T13:40:43","date_gmt":"2018-09-20T11:40:43","guid":{"rendered":"http:\/\/www.mercamadrid10k.es\/?page_id=1803"},"modified":"2023-07-11T15:46:11","modified_gmt":"2023-07-11T13:46:11","slug":"actividades","status":"publish","type":"page","link":"https:\/\/www.mercamadrid.es\/mercamadrid10k\/patrocinios\/actividades\/","title":{"rendered":"Actividades"},"content":{"rendered":"\t\t<div data-elementor-type=\"wp-page\" data-elementor-id=\"1803\" class=\"elementor elementor-1803\">\n\t\t\t\t\t\t<section class=\"elementor-section elementor-top-section elementor-element elementor-element-3e7d668c elementor-section-boxed elementor-section-height-default elementor-section-height-default\" data-id=\"3e7d668c\" data-element_type=\"section\" data-e-type=\"section\">\n\t\t\t\t\t\t<div class=\"elementor-container elementor-column-gap-default\">\n\t\t\t\t\t<div class=\"elementor-column elementor-col-100 elementor-top-column elementor-element elementor-element-60c08666\" data-id=\"60c08666\" data-element_type=\"column\" data-e-type=\"column\">\n\t\t\t<div class=\"elementor-widget-wrap elementor-element-populated\">\n\t\t\t\t\t\t<div class=\"elementor-element elementor-element-6c0c99a2 elementor-widget elementor-widget-text-editor\" data-id=\"6c0c99a2\" data-element_type=\"widget\" data-e-type=\"widget\" data-widget_type=\"text-editor.default\">\n\t\t\t\t<div class=\"elementor-widget-container\">\n\t\t\t\t\t\t\t\t\t<p>Las <strong>empresas y entidades que hacen posible cubrir 9.000 metros cuadrados de actividades y talleres para toda la familia son:<\/strong><\/p>\n<p>Asociaci\u00f3n de Empresarios Mayoristas de Pescados de Madrid, Asomafrut, Agrupaci\u00f3n de Industrias C\u00e1rnicas Madrile\u00f1as, Ahorramas, Aplamadrid, ARC Eurobanan, Frutas Candil, Cajamar, Casem, 5 al d\u00eda, Congelados 105, Confremar, Fruit Altea, Provacuno, Kaki Diplom, B+Safe, Ferroser\/Urbaser, Coordinadora Infantil y Juvenil de tiempo libre de Vallecas, Frutas Enrique Jim\u00e9nez, F\u00e9lix Palacios y Hosteler\u00eda Narcea.<\/p>\n<p><img fetchpriority=\"high\" decoding=\"async\" class=\"alignnone size-full wp-image-1907\" src=\"https:\/\/www.mercamadrid.es\/mercamadrid10k\/wp-content\/uploads\/2018\/10\/Actividades-mercamadrid10k.png\" alt=\"\" width=\"1184\" height=\"1819\" srcset=\"https:\/\/www.mercamadrid.es\/mercamadrid10k\/wp-content\/uploads\/2018\/10\/Actividades-mercamadrid10k.png 1184w, https:\/\/www.mercamadrid.es\/mercamadrid10k\/wp-content\/uploads\/2018\/10\/Actividades-mercamadrid10k-195x300.png 195w, https:\/\/www.mercamadrid.es\/mercamadrid10k\/wp-content\/uploads\/2018\/10\/Actividades-mercamadrid10k-768x1180.png 768w, https:\/\/www.mercamadrid.es\/mercamadrid10k\/wp-content\/uploads\/2018\/10\/Actividades-mercamadrid10k-667x1024.png 667w\" sizes=\"(max-width: 1184px) 100vw, 1184px\" \/><\/p>\n<p><a href=\"https:\/\/www.mercamadrid.es\/mercamadrid10k\/wp-content\/uploads\/2018\/10\/zona-actividades-y-leyenda-final-una-p\u00e1gina.pdf\" target=\"_blank\" rel=\"noopener\">Descarga el mapa y detalle actividades mercamadrid10k<\/a><\/p>\t\t\t\t\t\t\t\t<\/div>\n\t\t\t\t<\/div>\n\t\t\t\t\t<\/div>\n\t\t<\/div>\n\t\t\t\t\t<\/div>\n\t\t<\/section>\n\t\t\t\t<\/div>\n\t\t","protected":false},"excerpt":{"rendered":"<p>Las empresas y entidades que hacen posible cubrir 9.000 metros cuadrados de actividades y talleres para toda la familia son: Asociaci\u00f3n de Empresarios Mayoristas de Pescados de Madrid, Asomafrut, Agrupaci\u00f3n de Industrias C\u00e1rnicas Madrile\u00f1as, Ahorramas, Aplamadrid, ARC Eurobanan, Frutas Candil, Cajamar, Casem, 5 al d\u00eda, Congelados 105, Confremar, Fruit Altea, Provacuno, Kaki Diplom, B+Safe, Ferroser\/Urbaser, [&hellip;]<\/p>\n","protected":false},"author":2,"featured_media":1778,"parent":1601,"menu_order":0,"comment_status":"closed","ping_status":"closed","template":"","meta":{"_genesis_hide_title":false,"_genesis_hide_breadcrumbs":false,"_genesis_hide_singular_image":false,"_genesis_hide_footer_widgets":false,"_genesis_custom_body_class":"","_genesis_custom_post_class":"","_genesis_layout":"","footnotes":""},"class_list":{"0":"post-1803","1":"page","2":"type-page","3":"status-publish","4":"has-post-thumbnail","6":"entry"},"_links":{"self":[{"href":"https:\/\/www.mercamadrid.es\/mercamadrid10k\/wp-json\/wp\/v2\/pages\/1803","targetHints":{"allow":["GET"]}}],"collection":[{"href":"https:\/\/www.mercamadrid.es\/mercamadrid10k\/wp-json\/wp\/v2\/pages"}],"about":[{"href":"https:\/\/www.mercamadrid.es\/mercamadrid10k\/wp-json\/wp\/v2\/types\/page"}],"author":[{"embeddable":true,"href":"https:\/\/www.mercamadrid.es\/mercamadrid10k\/wp-json\/wp\/v2\/users\/2"}],"replies":[{"embeddable":true,"href":"https:\/\/www.mercamadrid.es\/mercamadrid10k\/wp-json\/wp\/v2\/comments?post=1803"}],"version-history":[{"count":8,"href":"https:\/\/www.mercamadrid.es\/mercamadrid10k\/wp-json\/wp\/v2\/pages\/1803\/revisions"}],"predecessor-version":[{"id":3058,"href":"https:\/\/www.mercamadrid.es\/mercamadrid10k\/wp-json\/wp\/v2\/pages\/1803\/revisions\/3058"}],"up":[{"embeddable":true,"href":"https:\/\/www.mercamadrid.es\/mercamadrid10k\/wp-json\/wp\/v2\/pages\/1601"}],"wp:featuredmedia":[{"embeddable":true,"href":"https:\/\/www.mercamadrid.es\/mercamadrid10k\/wp-json\/wp\/v2\/media\/1778"}],"wp:attachment":[{"href":"https:\/\/www.mercamadrid.es\/mercamadrid10k\/wp-json\/wp\/v2\/media?parent=1803"}],"curies":[{"name":"wp","href":"https:\/\/api.w.org\/{rel}","templated":true}]}}