{"id":1793,"date":"2018-09-20T13:32:23","date_gmt":"2018-09-20T11:32:23","guid":{"rendered":"http:\/\/www.mercamadrid10k.es\/?page_id=1793"},"modified":"2025-10-14T14:43:05","modified_gmt":"2025-10-14T12:43:05","slug":"banco-de-alimentos","status":"publish","type":"page","link":"https:\/\/www.mercamadrid.es\/mercamadrid10k\/accion-solidaria\/banco-de-alimentos\/","title":{"rendered":"Banco de Alimentos"},"content":{"rendered":"<p>En esta edici\u00f3n, Mercamadrid realizar\u00e1 la donaci\u00f3n de 10 Kg. de alimentos por cada dorsal inscrito en la carrera, a la <a href=\"https:\/\/bamadrid.org\/\" target=\"_blank\" rel=\"noopener\">Fundaci\u00f3n banco de Alimentos de Madrid.<\/a><\/p>\n<p>Desde hace 30 a\u00f1os, el Banco de Alimentos de Madrid desarrolla una labor social fundamental, proveyendo de alimentos frescos a las personas y familias que lo requieren.<\/p>\n<p>Con sede propia en la Unidad Alimentaria, Mercamadrid mantiene una importante colaboraci\u00f3n con la entidad desde el a\u00f1o 1996, mediante el aprovechamiento y canalizaci\u00f3n hacia \u00e9l de los excedentes alimentarios de los mercados de frutas, hortalizas, pescados, carnes y patatas. Asimismo, recientemente se autoriz\u00f3 la instalaci\u00f3n de una c\u00e1mara frigor\u00edfica para ampliar el trabajo de la instituci\u00f3n al segmento de alimentos refrigerados y congelados.<\/p>\n<p>Una labor que tiene protagonismo tambi\u00e9n en esta cita.<\/p>\n<p>&nbsp;<\/p>\n","protected":false},"excerpt":{"rendered":"<p>En esta edici\u00f3n, Mercamadrid realizar\u00e1 la donaci\u00f3n de 10 Kg. de alimentos por cada dorsal inscrito en la carrera, a la Fundaci\u00f3n banco de Alimentos de Madrid. Desde hace 30 a\u00f1os, el Banco de Alimentos de Madrid desarrolla una labor social fundamental, proveyendo de alimentos frescos a las personas y familias que lo requieren. Con [&hellip;]<\/p>\n","protected":false},"author":2,"featured_media":2368,"parent":1597,"menu_order":0,"comment_status":"closed","ping_status":"closed","template":"","meta":{"_genesis_hide_title":false,"_genesis_hide_breadcrumbs":false,"_genesis_hide_singular_image":false,"_genesis_hide_footer_widgets":false,"_genesis_custom_body_class":"","_genesis_custom_post_class":"","_genesis_layout":"","footnotes":""},"class_list":{"0":"post-1793","1":"page","2":"type-page","3":"status-publish","4":"has-post-thumbnail","6":"entry"},"_links":{"self":[{"href":"https:\/\/www.mercamadrid.es\/mercamadrid10k\/wp-json\/wp\/v2\/pages\/1793","targetHints":{"allow":["GET"]}}],"collection":[{"href":"https:\/\/www.mercamadrid.es\/mercamadrid10k\/wp-json\/wp\/v2\/pages"}],"about":[{"href":"https:\/\/www.mercamadrid.es\/mercamadrid10k\/wp-json\/wp\/v2\/types\/page"}],"author":[{"embeddable":true,"href":"https:\/\/www.mercamadrid.es\/mercamadrid10k\/wp-json\/wp\/v2\/users\/2"}],"replies":[{"embeddable":true,"href":"https:\/\/www.mercamadrid.es\/mercamadrid10k\/wp-json\/wp\/v2\/comments?post=1793"}],"version-history":[{"count":10,"href":"https:\/\/www.mercamadrid.es\/mercamadrid10k\/wp-json\/wp\/v2\/pages\/1793\/revisions"}],"predecessor-version":[{"id":3424,"href":"https:\/\/www.mercamadrid.es\/mercamadrid10k\/wp-json\/wp\/v2\/pages\/1793\/revisions\/3424"}],"up":[{"embeddable":true,"href":"https:\/\/www.mercamadrid.es\/mercamadrid10k\/wp-json\/wp\/v2\/pages\/1597"}],"wp:featuredmedia":[{"embeddable":true,"href":"https:\/\/www.mercamadrid.es\/mercamadrid10k\/wp-json\/wp\/v2\/media\/2368"}],"wp:attachment":[{"href":"https:\/\/www.mercamadrid.es\/mercamadrid10k\/wp-json\/wp\/v2\/media?parent=1793"}],"curies":[{"name":"wp","href":"https:\/\/api.w.org\/{rel}","templated":true}]}}