{"id":1590,"date":"2018-08-28T13:08:32","date_gmt":"2018-08-28T11:08:32","guid":{"rendered":"http:\/\/www.mercamadrid10k.es\/?page_id=1590"},"modified":"2025-10-16T15:48:02","modified_gmt":"2025-10-16T13:48:02","slug":"promocion-de-producto","status":"publish","type":"page","link":"https:\/\/www.mercamadrid.es\/mercamadrid10k\/actividades\/promocion-de-producto\/","title":{"rendered":"Promoci\u00f3n de producto"},"content":{"rendered":"<p>La Carrera 10K mercamadrid se ha consolidado como una de las iniciativas que m\u00e1s ilusi\u00f3n despierta en todas las personas que forman parte de la Unidad Alimentaria.<\/p>\n<p>A\u00f1o tras a\u00f1o se incrementan las actividades ofrecidas por las empresas que conforman este gran mercado de mercados, para las personas que nos acompa\u00f1an este d\u00eda, as\u00ed como los puestos abiertos e iluminados para animar a los runners en su recorrido.<\/p>\n<p>Estando en Mercamadrid, en la zona de actividades no pod\u00eda dejar de estar muy presente un protagonista absoluto de nuestra unidad alimentaria: los alimentos frescos de gran calidad.<\/p>\n<p>En esta edici\u00f3n , no van a faltar:<\/p>\n<ul>\n<li style=\"list-style-type: none;\">\n<ul style=\"list-style-type: disc;\">\n<li>El potasio energ\u00eda y sabor \u00fanico del pl\u00e1tano de Canarias, gracias a la Asociaci\u00f3n de almacenistas de pl\u00e1tanos de Madrid (<strong>Aplamadrid<\/strong>)<\/li>\n<li>Aprende y disfruta de las frutas m\u00e1s ricas, <a href=\"https:\/\/asomafrut.com\/\">por Asomafrut<\/a>.<\/li>\n<\/ul>\n<ul style=\"list-style-type: disc;\">\n<li>El mejor montadito de calamares de Madrid, gracias al gran producto fresco y maestr\u00eda de la Asociaci\u00f3n de Empresarios Mayoristas de Pescados de Madrid (AEMPM)<\/li>\n<\/ul>\n<ul style=\"list-style-type: disc;\">\n<li>Las mandarinas m\u00e1s dulces, gracias a <a href=\"https:\/\/www.ahorramas.com\/\">Ahorramas<\/a>.<\/li>\n<li>Una buena dosis de vitamina C y energ\u00eda gracias a los<a href=\"https:\/\/www.zespri.com\/es-ES\/product\"> Kiwis Zespri<\/a><\/li>\n<li>Zumos artesanales de elaboraci\u00f3n propia con las frutas m\u00e1s frescas de<a href=\"https:\/\/www.felixia.es\/\"> felixia<\/a><\/li>\n<li>La degustaci\u00f3n de la \u201cbuena \u00a0<a href=\"https:\/\/patatasmelendez.com\/\">patata\u201d de Mel\u00e9ndez<\/a>.<\/li>\n<li><a href=\"https:\/\/eurobanan.com\/\">Eurobanan<\/a> entregar\u00e1 exquisitas manzanas y pl\u00e1tanos. Adem\u00e1s, instalar\u00e1n un arco de meta en sus instalaciones y animar\u00e1n a los participantes con m\u00fasica.<\/li>\n<li>Disfrutaremos de variada boller\u00eda, caf\u00e9 y mini bocadillos de la mano de<a href=\"https:\/\/www.okin.es\/\"> Okin<\/a><\/li>\n<li>Servido con la <a href=\"https:\/\/www.restaurantenarcea.es\/\">maestr\u00eda extraordinaria de Narcea<\/a>, el rico y reconfortante caf\u00e9 Bou con leche Pascual.<\/li>\n<li>Tampoco se pierde esta cita una cerveza muy madrile\u00f1a, <a href=\"https:\/\/cervezaelaguila.es\/\">Cerveza El \u00c1guila<\/a><\/li>\n<li><a href=\"https:\/\/frusangar.com\/\">Patatas Frusangar<\/a> realizar\u00e1 una degustaci\u00f3n de patatas madrile\u00f1as.<\/li>\n<li><a href=\"https:\/\/centraldecarnes.com\/\">Central de Carnes Madrid Norte<\/a> estar\u00e1 a los mandos de la parrilla, lo que nos permitir\u00e1 disfrutar de una rica degustaci\u00f3n de productos c\u00e1rnicos.<\/li>\n<li>Este a\u00f1o, Sergio Fern\u00e1ndez realizar\u00e1 un <em>show cooking<\/em> y degustaci\u00f3n de tapas elaboradas con productos de <a href=\"https:\/\/www.tastefrance.com\/es\">Taste France<\/a>, aliado habitual de Mercamadrid.<\/li>\n<li>Y el sabor m\u00e1s aut\u00e9ntico del oto\u00f1o e invierno en Espa\u00f1a lo representar\u00e1 <a href=\"https:\/\/fontestad.com\/\">Fontestad,<\/a> con joyas repletas de vitamina C, gracias a sus exquisitas naranjas y mandarinas.<\/li>\n<\/ul>\n<\/li>\n<\/ul>\n<p>Buena representaci\u00f3n de la oferta de producto fresco de gran calidad, as\u00ed como la profesionalidad y especializaci\u00f3n de las empresas de Mercamadrid, se\u00f1as de identidad de este gran mercado.<\/p>\n","protected":false},"excerpt":{"rendered":"<p>La Carrera 10K mercamadrid se ha consolidado como una de las iniciativas que m\u00e1s ilusi\u00f3n despierta en todas las personas que forman parte de la Unidad Alimentaria. A\u00f1o tras a\u00f1o se incrementan las actividades ofrecidas por las empresas que conforman este gran mercado de mercados, para las personas que nos acompa\u00f1an este d\u00eda, as\u00ed como [&hellip;]<\/p>\n","protected":false},"author":2,"featured_media":1778,"parent":1582,"menu_order":0,"comment_status":"closed","ping_status":"closed","template":"","meta":{"_genesis_hide_title":false,"_genesis_hide_breadcrumbs":false,"_genesis_hide_singular_image":false,"_genesis_hide_footer_widgets":false,"_genesis_custom_body_class":"","_genesis_custom_post_class":"","_genesis_layout":"","footnotes":""},"class_list":{"0":"post-1590","1":"page","2":"type-page","3":"status-publish","4":"has-post-thumbnail","6":"entry"},"_links":{"self":[{"href":"https:\/\/www.mercamadrid.es\/mercamadrid10k\/wp-json\/wp\/v2\/pages\/1590","targetHints":{"allow":["GET"]}}],"collection":[{"href":"https:\/\/www.mercamadrid.es\/mercamadrid10k\/wp-json\/wp\/v2\/pages"}],"about":[{"href":"https:\/\/www.mercamadrid.es\/mercamadrid10k\/wp-json\/wp\/v2\/types\/page"}],"author":[{"embeddable":true,"href":"https:\/\/www.mercamadrid.es\/mercamadrid10k\/wp-json\/wp\/v2\/users\/2"}],"replies":[{"embeddable":true,"href":"https:\/\/www.mercamadrid.es\/mercamadrid10k\/wp-json\/wp\/v2\/comments?post=1590"}],"version-history":[{"count":36,"href":"https:\/\/www.mercamadrid.es\/mercamadrid10k\/wp-json\/wp\/v2\/pages\/1590\/revisions"}],"predecessor-version":[{"id":3427,"href":"https:\/\/www.mercamadrid.es\/mercamadrid10k\/wp-json\/wp\/v2\/pages\/1590\/revisions\/3427"}],"up":[{"embeddable":true,"href":"https:\/\/www.mercamadrid.es\/mercamadrid10k\/wp-json\/wp\/v2\/pages\/1582"}],"wp:featuredmedia":[{"embeddable":true,"href":"https:\/\/www.mercamadrid.es\/mercamadrid10k\/wp-json\/wp\/v2\/media\/1778"}],"wp:attachment":[{"href":"https:\/\/www.mercamadrid.es\/mercamadrid10k\/wp-json\/wp\/v2\/media?parent=1590"}],"curies":[{"name":"wp","href":"https:\/\/api.w.org\/{rel}","templated":true}]}}