{"id":1586,"date":"2018-08-28T13:07:44","date_gmt":"2018-08-28T11:07:44","guid":{"rendered":"http:\/\/www.mercamadrid10k.es\/?page_id=1586"},"modified":"2024-10-03T11:21:16","modified_gmt":"2024-10-03T09:21:16","slug":"trenecito","status":"publish","type":"page","link":"https:\/\/www.mercamadrid.es\/mercamadrid10k\/actividades\/trenecito\/","title":{"rendered":"Tren tur\u00edstico"},"content":{"rendered":"<p>Activo desde las 11:15 horas de la ma\u00f1ana, aproximadamente, y con pases cada 20 minutos, esta actividad se ha consolidado como uno de los elementos m\u00e1s llamativos para el p\u00fablico familiar en ediciones anteriores.<\/p>\n<p>Una oportunidad para recorrer, en unos minutos, algunas de las zonas m\u00e1s caracter\u00edsticas de las 222 hect\u00e1reas que conforman Mercamadrid.<\/p>\n","protected":false},"excerpt":{"rendered":"<p>Activo desde las 11:15 horas de la ma\u00f1ana, aproximadamente, y con pases cada 20 minutos, esta actividad se ha consolidado como uno de los elementos m\u00e1s llamativos para el p\u00fablico familiar en ediciones anteriores. Una oportunidad para recorrer, en unos minutos, algunas de las zonas m\u00e1s caracter\u00edsticas de las 222 hect\u00e1reas que conforman Mercamadrid.<\/p>\n","protected":false},"author":2,"featured_media":1727,"parent":1582,"menu_order":0,"comment_status":"closed","ping_status":"closed","template":"","meta":{"_genesis_hide_title":false,"_genesis_hide_breadcrumbs":false,"_genesis_hide_singular_image":false,"_genesis_hide_footer_widgets":false,"_genesis_custom_body_class":"","_genesis_custom_post_class":"","_genesis_layout":"","footnotes":""},"class_list":{"0":"post-1586","1":"page","2":"type-page","3":"status-publish","4":"has-post-thumbnail","6":"entry"},"_links":{"self":[{"href":"https:\/\/www.mercamadrid.es\/mercamadrid10k\/wp-json\/wp\/v2\/pages\/1586","targetHints":{"allow":["GET"]}}],"collection":[{"href":"https:\/\/www.mercamadrid.es\/mercamadrid10k\/wp-json\/wp\/v2\/pages"}],"about":[{"href":"https:\/\/www.mercamadrid.es\/mercamadrid10k\/wp-json\/wp\/v2\/types\/page"}],"author":[{"embeddable":true,"href":"https:\/\/www.mercamadrid.es\/mercamadrid10k\/wp-json\/wp\/v2\/users\/2"}],"replies":[{"embeddable":true,"href":"https:\/\/www.mercamadrid.es\/mercamadrid10k\/wp-json\/wp\/v2\/comments?post=1586"}],"version-history":[{"count":20,"href":"https:\/\/www.mercamadrid.es\/mercamadrid10k\/wp-json\/wp\/v2\/pages\/1586\/revisions"}],"predecessor-version":[{"id":3321,"href":"https:\/\/www.mercamadrid.es\/mercamadrid10k\/wp-json\/wp\/v2\/pages\/1586\/revisions\/3321"}],"up":[{"embeddable":true,"href":"https:\/\/www.mercamadrid.es\/mercamadrid10k\/wp-json\/wp\/v2\/pages\/1582"}],"wp:featuredmedia":[{"embeddable":true,"href":"https:\/\/www.mercamadrid.es\/mercamadrid10k\/wp-json\/wp\/v2\/media\/1727"}],"wp:attachment":[{"href":"https:\/\/www.mercamadrid.es\/mercamadrid10k\/wp-json\/wp\/v2\/media?parent=1586"}],"curies":[{"name":"wp","href":"https:\/\/api.w.org\/{rel}","templated":true}]}}