{"id":1584,"date":"2018-08-28T13:07:31","date_gmt":"2018-08-28T11:07:31","guid":{"rendered":"http:\/\/www.mercamadrid10k.es\/?page_id=1584"},"modified":"2024-09-02T12:11:43","modified_gmt":"2024-09-02T10:11:43","slug":"carrera-infantil","status":"publish","type":"page","link":"https:\/\/www.mercamadrid.es\/mercamadrid10k\/actividades\/carrera-infantil\/","title":{"rendered":"Carrera infantil"},"content":{"rendered":"<p>La Carrera 10K mercamadrid es una cita para grandes y peque\u00f1os. A <strong>partir de las 11:15h.<\/strong> aproximadamente, podr\u00e1n participar en la carrera infantil no competitiva de 200 metros de longitud, aquellos ni\u00f1os y ni\u00f1as entre 4 a 12 a\u00f1os que lo deseen.<\/p>\n<p>Las inscripciones se realizar\u00e1n ese mismo d\u00eda en el punto se\u00f1alizado, a partir de las 09.00 horas, donde tendr\u00e1 lugar esta carrera infantil no competitiva.<\/p>\n<p>Ya pueden ir entrenando los\/as m\u00e1s peque\u00f1os\/as para correr en el mercado de mercados.<\/p>\n<p><img fetchpriority=\"high\" decoding=\"async\" src=\"https:\/\/www.mercamadrid.es\/mercamadrid10k\/wp-content\/uploads\/2018\/10\/Area-de-salida-meta-carrera-001.jpg\" alt=\"\" width=\"2382\" height=\"1684\" \/><\/p>\n","protected":false},"excerpt":{"rendered":"<p>La Carrera 10K mercamadrid es una cita para grandes y peque\u00f1os. A partir de las 11:15h. aproximadamente, podr\u00e1n participar en la carrera infantil no competitiva de 200 metros de longitud, aquellos ni\u00f1os y ni\u00f1as entre 4 a 12 a\u00f1os que lo deseen. Las inscripciones se realizar\u00e1n ese mismo d\u00eda en el punto se\u00f1alizado, a partir [&hellip;]<\/p>\n","protected":false},"author":2,"featured_media":1695,"parent":1582,"menu_order":0,"comment_status":"closed","ping_status":"closed","template":"","meta":{"_genesis_hide_title":false,"_genesis_hide_breadcrumbs":false,"_genesis_hide_singular_image":false,"_genesis_hide_footer_widgets":false,"_genesis_custom_body_class":"","_genesis_custom_post_class":"","_genesis_layout":"","footnotes":""},"class_list":{"0":"post-1584","1":"page","2":"type-page","3":"status-publish","4":"has-post-thumbnail","6":"entry"},"_links":{"self":[{"href":"https:\/\/www.mercamadrid.es\/mercamadrid10k\/wp-json\/wp\/v2\/pages\/1584","targetHints":{"allow":["GET"]}}],"collection":[{"href":"https:\/\/www.mercamadrid.es\/mercamadrid10k\/wp-json\/wp\/v2\/pages"}],"about":[{"href":"https:\/\/www.mercamadrid.es\/mercamadrid10k\/wp-json\/wp\/v2\/types\/page"}],"author":[{"embeddable":true,"href":"https:\/\/www.mercamadrid.es\/mercamadrid10k\/wp-json\/wp\/v2\/users\/2"}],"replies":[{"embeddable":true,"href":"https:\/\/www.mercamadrid.es\/mercamadrid10k\/wp-json\/wp\/v2\/comments?post=1584"}],"version-history":[{"count":18,"href":"https:\/\/www.mercamadrid.es\/mercamadrid10k\/wp-json\/wp\/v2\/pages\/1584\/revisions"}],"predecessor-version":[{"id":3273,"href":"https:\/\/www.mercamadrid.es\/mercamadrid10k\/wp-json\/wp\/v2\/pages\/1584\/revisions\/3273"}],"up":[{"embeddable":true,"href":"https:\/\/www.mercamadrid.es\/mercamadrid10k\/wp-json\/wp\/v2\/pages\/1582"}],"wp:featuredmedia":[{"embeddable":true,"href":"https:\/\/www.mercamadrid.es\/mercamadrid10k\/wp-json\/wp\/v2\/media\/1695"}],"wp:attachment":[{"href":"https:\/\/www.mercamadrid.es\/mercamadrid10k\/wp-json\/wp\/v2\/media?parent=1584"}],"curies":[{"name":"wp","href":"https:\/\/api.w.org\/{rel}","templated":true}]}}