{"id":1565,"date":"2018-08-28T12:48:47","date_gmt":"2018-08-28T10:48:47","guid":{"rendered":"http:\/\/www.mercamadrid10k.es\/?page_id=1565"},"modified":"2025-10-14T14:27:38","modified_gmt":"2025-10-14T12:27:38","slug":"reglamento","status":"publish","type":"page","link":"https:\/\/www.mercamadrid.es\/mercamadrid10k\/carrera\/reglamento\/","title":{"rendered":"Reglamento"},"content":{"rendered":"<p><strong>ART\u00cdCULO 1\u00ba: FICHA T\u00c9CNICA<\/strong><\/p>\n<p><u>Fecha:<\/u> domingo 19 de octubre de 2025.<\/p>\n<p><u>Horario:<\/u><\/p>\n<ul>\n<li>10:00 h: salida CARRERA 10 km.<\/li>\n<li>11:30 h: entrega de trofeos<\/li>\n<li>11:45 h: carreras infantiles (no competitivas y gratuitas, de 4 a 12 a\u00f1os).<\/li>\n<\/ul>\n<p><u>Salida y Meta:<\/u> en el vial de entrada principal (avda. de Madrid, s\/n), a la altura del centro administrativo de Mercamadrid y frente a la entrada Este del Mercado Central de Pescados.<\/p>\n<p><u>Distancia:<\/u> 10 km.<\/p>\n<p><u>Precio:<\/u> 14,00 \u20ac<\/p>\n<p><u>Inscripciones:<\/u><\/p>\n<p><a href=\"https:\/\/www.rockthesport.com\/es\/evento\/8-carrera-10k-mercamadrid-2025\" target=\"_blank\" rel=\"noopener\">https:\/\/www.rockthesport.com\/es\/evento\/8-carrera-10k-mercamadrid-2025<\/a> (hasta el s\u00e1bado 18 de octubre, a las 13:30 h, o hasta que se agoten los 2.000 dorsales disponibles).<\/p>\n<p><u>Entrega de dorsal-chip, camiseta y botella de vino:<\/u><\/p>\n<p>Inscripciones GENERALES:<strong>\u00a0<\/strong><\/p>\n<ul>\n<li>Cafeter\u00eda PRISCILA (c\/ S\u00e1nchez Barc\u00e1iztegui 8, metro Pac\u00edfico)<\/li>\n<li>viernes 17 de octubre: de 11 a 20<\/li>\n<li>s\u00e1bado 18 de octubre: de 10 a 14<\/li>\n<\/ul>\n<p>Inscripci\u00f3n personal de MERCAMADRID:<strong>\u00a0<\/strong><\/p>\n<ul>\n<li>Oficina de Atenci\u00f3n al Cliente de Mercamadrid<\/li>\n<li>viernes 17 de octubre: de 9 a 11<\/li>\n<\/ul>\n<p>El d\u00eda de la carrera NO se entregar\u00e1n dorsales. <u>Edad m\u00ednima:<\/u> 18 a\u00f1os.<\/p>\n<p><u>Cupo m\u00e1ximo:<\/u> 2.000 participantes.<\/p>\n<p><u>La inscripci\u00f3n incluye:<\/u><\/p>\n<ul>\n<li>Camiseta t\u00e9cnica.<\/li>\n<li>Botella de vino blanco \u201cPortocelo\u201d (D.O. Rueda).<\/li>\n<li>Cronometraje con dorsal-<\/li>\n<li>Bolsa del corredor con avituallamiento: l\u00edquido (zumo, bebida isot\u00f3nica y agua) y s\u00f3lido (fruta y barrita energ\u00e9tica).<\/li>\n<li>Guardarropa.<\/li>\n<li>Obsequio de los patrocinadores<\/li>\n<li>Seguro colectivo de accidentes y de responsabilidad<\/li>\n<li>Aparcamiento y\u00a0\u00a0\u00a0 entrada\u00a0\u00a0 libre\u00a0\u00a0 a\u00a0\u00a0\u00a0 Mercamadrid\u00a0\u00a0\u00a0 para\u00a0\u00a0\u00a0 corredores\u00a0\u00a0\u00a0 y acompa\u00f1antes.<\/li>\n<\/ul>\n<p>&nbsp;<\/p>\n<p><u>Contacto:<\/u> <a href=\"mailto:marathinez@marathinez.es\">marathinez@marathinez.es<\/a><\/p>\n<p><u>Organiza:<\/u> Deportes Marath\u00ednez con la colaboraci\u00f3n de Mercamadrid S.A.<\/p>\n<p><strong>ARTICULO 2\u00ba: TROFEOS Y PREMIOS.<\/strong><\/p>\n<ul>\n<li><u>Categor\u00eda ABSOLUTA:<\/u><\/li>\n<\/ul>\n<p style=\"padding-left: 40px;\">1\u00ba y 1\u00aa: trofeo + 300 \u20ac. 2\u00ba y 2\u00aa: trofeo + 200 \u20ac. 3\u00ba y 3\u00aa: trofeo + 100 \u20ac.<\/p>\n<ul>\n<li><u>Categor\u00eda VETERANO\/A A (de 35 a 49 a\u00f1os):<\/u><\/li>\n<\/ul>\n<p style=\"padding-left: 40px;\">Trofeo para los 3 primeros y 3 primeras.<\/p>\n<ul>\n<li><u>Categor\u00eda VETERANO\/A B (desde 50 a\u00f1os):<\/u><\/li>\n<\/ul>\n<p style=\"padding-left: 40px;\">Trofeo para los 3 primeros y 3 primeras.<\/p>\n<ul>\n<li><u>Categor\u00eda Profesional de Mercamadrid (se requerir\u00e1 la acreditaci\u00f3n):<\/u><\/li>\n<\/ul>\n<p style=\"padding-left: 40px;\">Trofeo para el primero y la primera.<\/p>\n<ul>\n<li><u>Categor\u00eda M\u00e1s Veterano o Veterana:<\/u><\/li>\n<\/ul>\n<p style=\"padding-left: 40px;\">Trofeo al participante con mayor edad que haya llegado a meta.<\/p>\n<ul>\n<li><u>Categor\u00eda Empresa de Mercamadrid:<\/u><\/li>\n<\/ul>\n<p style=\"padding-left: 40px;\">Trofeo a la 1\u00aa empresa clasificada (se sumar\u00e1 el tiempo de los 3 primeros corredores de la empresa, m\u00ednimo 10 llegados a meta)<\/p>\n<ul>\n<li>Trofeo a la empresa con mayor n\u00ba de participantes llegados a meta<\/li>\n<\/ul>\n<p>Los premios y trofeos NO son acumulativos.<\/p>\n<p><strong>ART\u00cdCULO 3\u00ba: CAMBIOS-DEVOLUCUIONES<\/strong><\/p>\n<p>El importe de las inscripciones no se devuelve por ninguna causa, aunque se admiten cambios de titularidad de la inscripci\u00f3n hasta el fin de la entrega de dorsales.<\/p>\n<p>Si por causa de fuerza mayor la carrera no llegara a celebrarse, los inscritos tendr\u00e1n 2 opciones:<\/p>\n<ul>\n<li>Devoluci\u00f3n del 85 % del importe de la inscripci\u00f3n.<\/li>\n<li>Se guarda la inscripci\u00f3n para la edici\u00f3n de 2026<\/li>\n<\/ul>\n<p><strong>ART\u00cdCULO 4\u00ba: RECORRIDO<\/strong><\/p>\n<p>Recorrido cerrado al tr\u00e1fico, por el interior de las diferentes naves que componen los Mercados Centrales de Pescados, de Frutas y Hortalizas, nave de Hosteler\u00eda y Mercado de Carnes.<\/p>\n<p>El \u00fanico veh\u00edculo que podr\u00e1 seguir la carrera ser\u00e1 un coche 100 % el\u00e9ctrico dotado con un cron\u00f3metro.<\/p>\n<p><strong>ART\u00cdCULO 5\u00ba: DESCALIFICACIONES<\/strong><\/p>\n<p>Se descalificar\u00e1 a aquella persona que:<\/p>\n<ul>\n<li>No pase por los puntos de control<\/li>\n<li>No realice el recorrido completo<\/li>\n<li>Altere u oculte la publicidad del dorsal<\/li>\n<li>Lleve el dorsal-chip adjudicado a otra persona<\/li>\n<li>No lleve el dorsal-chip original asignado para esta edici\u00f3n<\/li>\n<li>Entre en la meta sin el dorsal<\/li>\n<li>No atienda a las instrucciones de t\u00e9cnicos\/as y\/o personal de la organizaci\u00f3n<\/li>\n<\/ul>\n<p>Los corredores descalificados perder\u00e1n autom\u00e1ticamente toda opci\u00f3n a los premios.<\/p>\n<p><strong>ARTICULO 6\u00ba: SEGUROS<\/strong><\/p>\n<p>Todos los participantes estar\u00e1n amparados por un seguro colectivo de accidentes y otro de responsabilidad civil, y atender\u00e1n en todo momento las indicaciones realizadas por la Organizaci\u00f3n a trav\u00e9s del personal voluntario y t\u00e9cnico, jueces, personal acreditado y\/o el servicio oficial de megafon\u00eda.<\/p>\n<p>Cada persona participa bajo su entera responsabilidad y declara poseer una condici\u00f3n f\u00edsica adecuada para afrontar esta carrera.<\/p>\n<p>Est\u00e1n excluidos los da\u00f1os que pudieran derivarse de un padecimiento latente o ser consecuencia de imprudencia, inobservancia de las leyes, etc.<\/p>\n<p>La Organizaci\u00f3n declina toda responsabilidad de los da\u00f1os que los participantes pudieran causarse a s\u00ed mismos o a terceros por actos violentos o malintencionados, as\u00ed como los que puedan sufrir o causar a terceros en horas anteriores y\/o posteriores a su participaci\u00f3n en la carrera.<\/p>\n<p><strong>ARTICULO 7\u00ba: RESPETO A LAS INSTALACIONES<\/strong><\/p>\n<p>Todos los participantes adquieren la obligaci\u00f3n de respeto absoluto hacia las instalaciones de Mercamadrid.<\/p>\n<p>As\u00ed mismo y dada la importancia del recinto en el que transcurre la carrera, los participantes tienen la obligaci\u00f3n de comunicar a la Organizaci\u00f3n cualquier acto que atente contra la integridad de las mismas, su conservaci\u00f3n o su estado.<\/p>\n<p><strong>ART\u00cdCULO 8\u00ba: COMIT\u00c9 ORGANIZADOR<\/strong><\/p>\n<p>Cualquier circunstancia no prevista en el presente reglamento ser\u00e1 resuelto por el Comit\u00e9 Organizador compuesto por el promotor de la carrera, Juan Manuel Guti\u00e9rrez, y el director t\u00e9cnico, Julio Alonso.<\/p>\n<p><strong>ART\u00cdCULO 9\u00ba: PROTECCI\u00d3N DE DATOS<\/strong><\/p>\n<p>De conformidad con lo dispuesto en el Reglamento (U.E.) 2016\/679 relativo a la protecci\u00f3n de los datos personales de las personas f\u00edsicas (R.G.P.D.), el participante da su consentimiento para el tratamiento de los datos personales aportados a trav\u00e9s de su inscripci\u00f3n, as\u00ed como de su imagen dentro de la prueba para los fines propios de la organizaci\u00f3n, desarrollo y promoci\u00f3n de la carrera y de Mercamadrid S.A.<\/p>\n<p>Se podr\u00e1 ejercer los derechos de acceso, rectificaci\u00f3n, cancelaci\u00f3n y oposici\u00f3n establecidos en dicha Ley a trav\u00e9s de escrito dirigido a <a href=\"mailto:marathinez@marathinez.es\">marathinez@marathinez.es<\/a> .<\/p>\n<p>El titular del fichero es Marathinez Tours S.L. con C.I.F. B-84789288, empresa inscrita en el registro de la A.E.P.D.<\/p>\n<p><strong>ART\u00cdCULO 10\u00ba: ACEPTACI\u00d3N<\/strong><\/p>\n<p>Todos los participantes, por el hecho de formalizar su inscripci\u00f3n y de participar, aceptan en su integridad este reglamento.<\/p>\n","protected":false},"excerpt":{"rendered":"<p>ART\u00cdCULO 1\u00ba: FICHA T\u00c9CNICA Fecha: domingo 19 de octubre de 2025. Horario: 10:00 h: salida CARRERA 10 km. 11:30 h: entrega de trofeos 11:45 h: carreras infantiles (no competitivas y gratuitas, de 4 a 12 a\u00f1os). Salida y Meta: en el vial de entrada principal (avda. de Madrid, s\/n), a la altura del centro administrativo [&hellip;]<\/p>\n","protected":false},"author":2,"featured_media":3353,"parent":1481,"menu_order":0,"comment_status":"closed","ping_status":"closed","template":"","meta":{"_genesis_hide_title":false,"_genesis_hide_breadcrumbs":false,"_genesis_hide_singular_image":false,"_genesis_hide_footer_widgets":false,"_genesis_custom_body_class":"","_genesis_custom_post_class":"","_genesis_layout":"","footnotes":""},"class_list":{"0":"post-1565","1":"page","2":"type-page","3":"status-publish","4":"has-post-thumbnail","6":"entry"},"_links":{"self":[{"href":"https:\/\/www.mercamadrid.es\/mercamadrid10k\/wp-json\/wp\/v2\/pages\/1565","targetHints":{"allow":["GET"]}}],"collection":[{"href":"https:\/\/www.mercamadrid.es\/mercamadrid10k\/wp-json\/wp\/v2\/pages"}],"about":[{"href":"https:\/\/www.mercamadrid.es\/mercamadrid10k\/wp-json\/wp\/v2\/types\/page"}],"author":[{"embeddable":true,"href":"https:\/\/www.mercamadrid.es\/mercamadrid10k\/wp-json\/wp\/v2\/users\/2"}],"replies":[{"embeddable":true,"href":"https:\/\/www.mercamadrid.es\/mercamadrid10k\/wp-json\/wp\/v2\/comments?post=1565"}],"version-history":[{"count":45,"href":"https:\/\/www.mercamadrid.es\/mercamadrid10k\/wp-json\/wp\/v2\/pages\/1565\/revisions"}],"predecessor-version":[{"id":3360,"href":"https:\/\/www.mercamadrid.es\/mercamadrid10k\/wp-json\/wp\/v2\/pages\/1565\/revisions\/3360"}],"up":[{"embeddable":true,"href":"https:\/\/www.mercamadrid.es\/mercamadrid10k\/wp-json\/wp\/v2\/pages\/1481"}],"wp:featuredmedia":[{"embeddable":true,"href":"https:\/\/www.mercamadrid.es\/mercamadrid10k\/wp-json\/wp\/v2\/media\/3353"}],"wp:attachment":[{"href":"https:\/\/www.mercamadrid.es\/mercamadrid10k\/wp-json\/wp\/v2\/media?parent=1565"}],"curies":[{"name":"wp","href":"https:\/\/api.w.org\/{rel}","templated":true}]}}