{"id":1481,"date":"2018-07-30T06:39:30","date_gmt":"2018-07-30T06:39:30","guid":{"rendered":"http:\/\/www.mercamadrid10k.es\/?page_id=1481"},"modified":"2023-08-03T14:47:22","modified_gmt":"2023-08-03T12:47:22","slug":"carrera","status":"publish","type":"page","link":"https:\/\/www.mercamadrid.es\/mercamadrid10k\/carrera\/","title":{"rendered":"Carrera"},"content":{"rendered":"\t\t<div data-elementor-type=\"wp-page\" data-elementor-id=\"1481\" class=\"elementor elementor-1481\">\n\t\t\t\t\t\t<section class=\"elementor-section elementor-top-section elementor-element elementor-element-8697acd elementor-section-full_width elementor-section-height-default elementor-section-height-default\" data-id=\"8697acd\" data-element_type=\"section\" data-e-type=\"section\">\n\t\t\t\t\t\t<div class=\"elementor-container elementor-column-gap-default\">\n\t\t\t\t\t<div class=\"elementor-column elementor-col-100 elementor-top-column elementor-element elementor-element-35ea9a9\" data-id=\"35ea9a9\" data-element_type=\"column\" data-e-type=\"column\">\n\t\t\t<div class=\"elementor-widget-wrap elementor-element-populated\">\n\t\t\t\t\t\t<div class=\"elementor-element elementor-element-54ddda2 elementor-widget elementor-widget-text-editor\" data-id=\"54ddda2\" data-element_type=\"widget\" data-e-type=\"widget\" data-widget_type=\"text-editor.default\">\n\t\t\t\t<div class=\"elementor-widget-container\">\n\t\t\t\t\t\t\t\t\t<p>Una cita deportiva y jornada de puertas abiertas de Mercamadrid que se enmarca en el objetivo de promover h\u00e1bitos de vida saludables, como una correcta nutrici\u00f3n y la pr\u00e1ctica de deporte.<\/p>\n<p>Organizada por Deportes Marathinez ( MARATHINEZ TOURS S.L.) en colaboraci\u00f3n con Mercamadrid, es una original carrera de diez kil\u00f3metros por el interior de los mercados e instalaciones de Mercamadrid que en su primera edici\u00f3n -en 2016-, fue elegida como la mejor carrera 10K de la Comunidad de Madrid por el ranking de Runedia -con el voto de m\u00e1s de 49.490 usuarios-. Hoy, se ha consolidado como una de las iniciativas que m\u00e1s ilusi\u00f3n despierta en todos los que forman parte de la Unidad Alimentaria.<\/p>\n<p>Al igual que en anteriores ediciones, existen numerosas categor\u00edas, premios en met\u00e1lico, una gran bolsa del corredor con productos frescos y bebidas isot\u00f3nicas.<\/p>\n<p>El cronometraje de la carrera se realizar\u00e1 mediante un chip desechable. Este dispositivo se entregar\u00e1 junto al dorsal y ser\u00e1 el encargado de medir los tiempos individuales de cada participante, desde el momento en que pasa por la alfombra de la salida hasta que cruza la de llegada en tiempo real.&nbsp;<\/p>\t\t\t\t\t\t\t\t<\/div>\n\t\t\t\t<\/div>\n\t\t\t\t\t<\/div>\n\t\t<\/div>\n\t\t\t\t\t<\/div>\n\t\t<\/section>\n\t\t\t\t<\/div>\n\t\t","protected":false},"excerpt":{"rendered":"<p>Una cita deportiva y jornada de puertas abiertas de Mercamadrid que se enmarca en el objetivo de promover h\u00e1bitos de vida saludables, como una correcta nutrici\u00f3n y la pr\u00e1ctica de deporte. Organizada por Deportes Marathinez ( MARATHINEZ TOURS S.L.) en colaboraci\u00f3n con Mercamadrid, es una original carrera de diez kil\u00f3metros por el interior de los [&hellip;]<\/p>\n","protected":false},"author":2,"featured_media":1486,"parent":0,"menu_order":0,"comment_status":"closed","ping_status":"closed","template":"","meta":{"_genesis_hide_title":false,"_genesis_hide_breadcrumbs":false,"_genesis_hide_singular_image":false,"_genesis_hide_footer_widgets":false,"_genesis_custom_body_class":"","_genesis_custom_post_class":"","_genesis_layout":"","footnotes":""},"class_list":{"0":"post-1481","1":"page","2":"type-page","3":"status-publish","4":"has-post-thumbnail","6":"entry"},"_links":{"self":[{"href":"https:\/\/www.mercamadrid.es\/mercamadrid10k\/wp-json\/wp\/v2\/pages\/1481","targetHints":{"allow":["GET"]}}],"collection":[{"href":"https:\/\/www.mercamadrid.es\/mercamadrid10k\/wp-json\/wp\/v2\/pages"}],"about":[{"href":"https:\/\/www.mercamadrid.es\/mercamadrid10k\/wp-json\/wp\/v2\/types\/page"}],"author":[{"embeddable":true,"href":"https:\/\/www.mercamadrid.es\/mercamadrid10k\/wp-json\/wp\/v2\/users\/2"}],"replies":[{"embeddable":true,"href":"https:\/\/www.mercamadrid.es\/mercamadrid10k\/wp-json\/wp\/v2\/comments?post=1481"}],"version-history":[{"count":12,"href":"https:\/\/www.mercamadrid.es\/mercamadrid10k\/wp-json\/wp\/v2\/pages\/1481\/revisions"}],"predecessor-version":[{"id":3154,"href":"https:\/\/www.mercamadrid.es\/mercamadrid10k\/wp-json\/wp\/v2\/pages\/1481\/revisions\/3154"}],"wp:featuredmedia":[{"embeddable":true,"href":"https:\/\/www.mercamadrid.es\/mercamadrid10k\/wp-json\/wp\/v2\/media\/1486"}],"wp:attachment":[{"href":"https:\/\/www.mercamadrid.es\/mercamadrid10k\/wp-json\/wp\/v2\/media?parent=1481"}],"curies":[{"name":"wp","href":"https:\/\/api.w.org\/{rel}","templated":true}]}}